{"id":52,"date":"2025-10-13T11:37:08","date_gmt":"2025-10-13T11:37:08","guid":{"rendered":"http:\/\/primefootballmanagement.com\/ana-sayfa\/"},"modified":"2025-12-12T14:27:22","modified_gmt":"2025-12-12T14:27:22","slug":"ana-sayfa","status":"publish","type":"page","link":"https:\/\/primefootballmanagement.com\/en\/","title":{"rendered":"Home Page"},"content":{"rendered":"<div class=\"wp-block-group alignfull has-background-background-color has-background has-global-padding is-layout-constrained wp-block-group-is-layout-constrained\" style=\"border-top-width:1px;margin-top:0;margin-bottom:0;padding-top:0;padding-bottom:0\"><\/div>\n\n\n\n<div class=\"wp-block-group alignfull has-tertiary-background-color has-background has-global-padding is-layout-constrained wp-container-core-group-is-layout-7d1597ee wp-block-group-is-layout-constrained\" id=\"hakkimizda\" style=\"border-top-width:1px;margin-top:0;margin-bottom:0;padding-top:var(--wp--preset--spacing--60);padding-right:0;padding-bottom:var(--wp--preset--spacing--60);padding-left:0\">\n<div class=\"wp-block-columns alignfull are-vertically-aligned-center is-layout-flex wp-container-core-columns-is-layout-d0bbbce0 wp-block-columns-is-layout-flex\">\n<div class=\"wp-block-column is-vertically-aligned-center is-layout-flow wp-block-column-is-layout-flow\">\n<h4 class=\"wp-block-heading has-text-align-center\">We follow the in-team processes of the players we manage.<\/h4>\n\n\n\n<p class=\"has-text-align-center\" style=\"margin-top:16px\">We follow the development of our players after the transfer and provide full-time support with our consultants. <br>In this way, we reduce the workload on football clubs, work together in the development of our footballers, act jointly in the adaptation and development process, and provide support.<\/p>\n\n\n\n<hr class=\"wp-block-separator has-text-color has-alpha-channel-opacity has-background is-style-default\" style=\"margin-top:var(--wp--preset--spacing--30);margin-bottom:var(--wp--preset--spacing--30);background-color:#fb0000;color:#fb0000\"\/>\n\n\n\n<h4 class=\"wp-block-heading has-text-align-center\">We realize that a child's heart beats with that club.<\/h4>\n\n\n\n<p class=\"has-text-align-center\">We protect the interests of the club to the end in transfer negotiations between the player and the club, we are aware that a child's heart beats with that club.<br> We see a club primarily as a non-governmental organization.<\/p>\n\n\n\n<hr class=\"wp-block-separator has-text-color has-alpha-channel-opacity has-background\" style=\"background-color:#de0000;color:#de0000\"\/>\n\n\n\n<h4 class=\"wp-block-heading has-text-align-center\">With our wide business network, your foreign football player transfers are now easier.<\/h4>\n\n\n\n<p class=\"has-text-align-center\">Our contacts with clubs, managers and players in leading countries provide you with operational convenience. <br>Our fully multilingual team completely removes communication barriers for your club, in nearly 50 languages.<\/p>\n<\/div>\n<\/div>\n<\/div>","protected":false},"excerpt":{"rendered":"<p>Menajerli\u011fini \u00fcstlendi\u011fimiz futbolcular\u0131n tak\u0131m i\u00e7i s\u00fcre\u00e7lerini takip ediyoruz. Transfer sonras\u0131 futbolcular\u0131m\u0131z\u0131n geli\u015fimini takip ediyor, dan\u0131\u015fmanlar\u0131m\u0131zla tam zamanl\u0131 destek sa\u011fl\u0131yoruz. Bu \u015fekilde futbol kul\u00fcpleri \u00fczerindeki i\u015f y\u00fck\u00fcn\u00fc azalt\u0131yor, futbolcumuzun geli\u015fiminde beraber \u00e7al\u0131\u015farak uyum ve geli\u015fim s\u00fcrecinde ortak hareket ediyor, destek sa\u011fl\u0131yoruz. Bir \u00e7ocu\u011fun kalbinin o kul\u00fcple att\u0131\u011f\u0131n\u0131n fark\u0131nday\u0131z. Futbolcu ve kul\u00fcp aras\u0131ndaki transfer g\u00f6r\u00fc\u015fmelerinde kul\u00fcp \u00e7\u0131karlar\u0131n\u0131 [&hellip;]<\/p>","protected":false},"author":1,"featured_media":158,"parent":0,"menu_order":0,"comment_status":"closed","ping_status":"closed","template":"no-title","meta":{"om_disable_all_campaigns":false,"_monsterinsights_skip_tracking":false,"_monsterinsights_sitenote_active":false,"_monsterinsights_sitenote_note":"","_monsterinsights_sitenote_category":0,"footnotes":""},"class_list":["post-52","page","type-page","status-publish","has-post-thumbnail","hentry"],"aioseo_notices":[],"_links":{"self":[{"href":"https:\/\/primefootballmanagement.com\/en\/wp-json\/wp\/v2\/pages\/52","targetHints":{"allow":["GET"]}}],"collection":[{"href":"https:\/\/primefootballmanagement.com\/en\/wp-json\/wp\/v2\/pages"}],"about":[{"href":"https:\/\/primefootballmanagement.com\/en\/wp-json\/wp\/v2\/types\/page"}],"author":[{"embeddable":true,"href":"https:\/\/primefootballmanagement.com\/en\/wp-json\/wp\/v2\/users\/1"}],"replies":[{"embeddable":true,"href":"https:\/\/primefootballmanagement.com\/en\/wp-json\/wp\/v2\/comments?post=52"}],"version-history":[{"count":18,"href":"https:\/\/primefootballmanagement.com\/en\/wp-json\/wp\/v2\/pages\/52\/revisions"}],"predecessor-version":[{"id":329,"href":"https:\/\/primefootballmanagement.com\/en\/wp-json\/wp\/v2\/pages\/52\/revisions\/329"}],"wp:featuredmedia":[{"embeddable":true,"href":"https:\/\/primefootballmanagement.com\/en\/wp-json\/wp\/v2\/media\/158"}],"wp:attachment":[{"href":"https:\/\/primefootballmanagement.com\/en\/wp-json\/wp\/v2\/media?parent=52"}],"curies":[{"name":"wp","href":"https:\/\/api.w.org\/{rel}","templated":true}]}}