{"id":49,"date":"2025-10-13T11:37:07","date_gmt":"2025-10-13T11:37:07","guid":{"rendered":"http:\/\/primefootballmanagement.com\/iletisim\/"},"modified":"2025-10-21T10:56:27","modified_gmt":"2025-10-21T10:56:27","slug":"iletisim","status":"publish","type":"page","link":"https:\/\/primefootballmanagement.com\/en\/iletisim\/","title":{"rendered":""},"content":{"rendered":"<div class=\"wp-block-group alignfull has-background-background-color has-text-color has-background has-link-color wp-elements-e6456e4ea4cd22b6f15c8c9a217cc916 has-global-padding is-layout-constrained wp-container-core-group-is-layout-2bc1b312 wp-block-group-is-layout-constrained\" id=\"iletisim\" style=\"color:#001b7c;margin-top:0;margin-bottom:0;padding-top:var(--wp--preset--spacing--60);padding-bottom:var(--wp--preset--spacing--60)\">\n<h2 class=\"wp-block-heading has-text-align-center\"><strong>CONTACT US<\/strong><\/h2>\n\n\n\n<hr class=\"wp-block-separator has-text-color has-alpha-channel-opacity has-background is-style-wide\" style=\"margin-top:var(--wp--preset--spacing--20);margin-bottom:var(--wp--preset--spacing--20);background-color:#ff0000;color:#ff0000\"\/>\n\n\n\n<div class=\"wp-block-columns alignwide is-layout-flex wp-container-core-columns-is-layout-28f84493 wp-block-columns-is-layout-flex\">\n<div class=\"wp-block-column is-vertically-aligned-stretch is-layout-flow wp-block-column-is-layout-flow\">\n<div class=\"wp-block-group is-vertical is-content-justification-center is-layout-flex wp-container-core-group-is-layout-0709880d wp-block-group-is-layout-flex\" style=\"border-width:1px;min-height:100%;padding-top:var(--wp--preset--spacing--40);padding-right:var(--wp--preset--spacing--40);padding-bottom:var(--wp--preset--spacing--40);padding-left:var(--wp--preset--spacing--40)\">\n<div class=\"wp-block-columns is-not-stacked-on-mobile is-layout-flex wp-container-core-columns-is-layout-6db7e666 wp-block-columns-is-layout-flex\">\n<div class=\"wp-block-column is-layout-flow wp-block-column-is-layout-flow\" style=\"padding-top:2px;flex-basis:24px\">\n<figure class=\"wp-block-image size-large extendify-image-import wp-duotone-rgb24700-12141d-1\"><img decoding=\"async\" src=\"data:image\/svg+xml;base64,PHN2ZyB4bWxucz0iaHR0cDovL3d3dy53My5vcmcvMjAwMC9zdmciIGhlaWdodD0iMjRweCIgdmlld0JveD0iMCAtOTYwIDk2MCA5NjAiIHdpZHRoPSIyNHB4IiBmaWxsPSIjMWYxZjFmIj48cGF0aCBkPSJNNDgwLTMwMXE5OS04MCAxNDkuNS0xNTRUNjgwLTU5NHEwLTkwLTU2LTE0OHQtMTQ0LTU4cS04OCAwLTE0NCA1OHQtNTYgMTQ4cTAgNjUgNTAuNSAxMzlUNDgwLTMwMVptMCAxMDFRMzM5LTMwNCAyNjkuNS00MDJUMjAwLTU5NHEwLTEyNSA3OC0yMDUuNVQ0ODAtODgwcTEyNCAwIDIwMiA4MC41VDc2MC01OTRxMCA5NC02OS41IDE5MlQ0ODAtMjAwWm0wLTMyMHEzMyAwIDU2LjUtMjMuNVQ1NjAtNjAwcTAtMzMtMjMuNS01Ni41VDQ4MC02ODBxLTMzIDAtNTYuNSAyMy41VDQwMC02MDBxMCAzMyAyMy41IDU2LjVUNDgwLTUyMFpNMjAwLTgwdi04MGg1NjB2ODBIMjAwWm0yODAtNTIwWiIvPjwvc3ZnPg==\" alt=\"\"\/><\/figure>\n<\/div>\n\n\n\n<div class=\"wp-block-column is-layout-flow wp-container-core-column-is-layout-8a368f38 wp-block-column-is-layout-flow\">\n<p class=\"has-medium-font-size\" style=\"font-style:normal;font-weight:500\">K\u0131z\u0131l\u0131rmak Mahallesi, Dumlup\u0131nar Bulvar\u0131, Next Level <\/p>\n\n\n\n<p class=\"has-medium-font-size\" style=\"font-style:normal;font-weight:500\">NO:3C1-160 \u00c7ankaya\/Ankara<\/p>\n<\/div>\n<\/div>\n\n\n\n<div class=\"wp-block-columns are-vertically-aligned-center is-not-stacked-on-mobile is-layout-flex wp-container-core-columns-is-layout-6db7e666 wp-block-columns-is-layout-flex\">\n<div class=\"wp-block-column is-vertically-aligned-center is-layout-flow wp-block-column-is-layout-flow\" style=\"flex-basis:24px\">\n<figure class=\"wp-block-image size-large extendify-image-import wp-duotone-rgb24700-12141d-2\"><img decoding=\"async\" src=\"data:image\/svg+xml;base64,PHN2ZyB4bWxucz0iaHR0cDovL3d3dy53My5vcmcvMjAwMC9zdmciIGhlaWdodD0iMjRweCIgdmlld0JveD0iMCAtOTYwIDk2MCA5NjAiIHdpZHRoPSIyNHB4IiBmaWxsPSIjMWYxZjFmIj48cGF0aCBkPSJNNzYwLTQ4MHEwLTExNy04MS41LTE5OC41VDQ4MC03NjB2LTgwcTc1IDAgMTQwLjUgMjguNXQxMTQgNzdxNDguNSA0OC41IDc3IDExNFQ4NDAtNDgwaC04MFptLTE2MCAwcTAtNTAtMzUtODV0LTg1LTM1di04MHE4MyAwIDE0MS41IDU4LjVUNjgwLTQ4MGgtODBabTE5OCAzNjBxLTEyNSAwLTI0Ny01NC41VDMyOS0zMjlRMjI5LTQyOSAxNzQuNS01NTFUMTIwLTc5OHEwLTE4IDEyLTMwdDMwLTEyaDE2MnExNCAwIDI1IDkuNXQxMyAyMi41bDI2IDE0MHEyIDE2LTEgMjd0LTExIDE5bC05NyA5OHEyMCAzNyA0Ny41IDcxLjVUMzg3LTM4NnEzMSAzMSA2NSA1Ny41dDcyIDQ4LjVsOTQtOTRxOS05IDIzLjUtMTMuNVQ2NzAtMzkwbDEzOCAyOHExNCA0IDIzIDE0LjV0OSAyMy41djE2MnEwIDE4LTEyIDMwdC0zMCAxMlpNMjQxLTYwMGw2Ni02Ni0xNy05NGgtODlxNSA0MSAxNCA4MXQyNiA3OVptMzU4IDM1OHEzOSAxNyA3OS41IDI3dDgxLjUgMTN2LTg4bC05NC0xOS02NyA2N1pNMjQxLTYwMFptMzU4IDM1OFoiLz48L3N2Zz4=\" alt=\"\"\/><\/figure>\n<\/div>\n\n\n\n<div class=\"wp-block-column is-vertically-aligned-center is-layout-flow wp-container-core-column-is-layout-8a368f38 wp-block-column-is-layout-flow\">\n<p class=\"has-medium-font-size\" style=\"font-style:normal;font-weight:500\">+90 312 427 27 33<br>+90 532 440 55 24 <\/p>\n<\/div>\n<\/div>\n\n\n\n<div class=\"wp-block-columns are-vertically-aligned-center is-not-stacked-on-mobile is-layout-flex wp-container-core-columns-is-layout-6db7e666 wp-block-columns-is-layout-flex\">\n<div class=\"wp-block-column is-vertically-aligned-center is-layout-flow wp-block-column-is-layout-flow\" style=\"flex-basis:24px\">\n<figure class=\"wp-block-image size-large extendify-image-import wp-duotone-rgb24700-12141d-3\"><img decoding=\"async\" src=\"data:image\/svg+xml;base64,PHN2ZyB4bWxucz0iaHR0cDovL3d3dy53My5vcmcvMjAwMC9zdmciIGhlaWdodD0iMjRweCIgdmlld0JveD0iMCAtOTYwIDk2MCA5NjAiIHdpZHRoPSIyNHB4IiBmaWxsPSIjMWYxZjFmIj48cGF0aCBkPSJNMTYwLTE2MHEtMzMgMC01Ni41LTIzLjVUODAtMjQwdi00ODBxMC0zMyAyMy41LTU2LjVUMTYwLTgwMGg2NDBxMzMgMCA1Ni41IDIzLjVUODgwLTcyMHY0ODBxMCAzMy0yMy41IDU2LjVUODAwLTE2MEgxNjBabTMyMC0yODBMMTYwLTY0MHY0MDBoNjQwdi00MDBMNDgwLTQ0MFptMC04MCAzMjAtMjAwSDE2MGwzMjAgMjAwWk0xNjAtNjQwdi04MCA0ODAtNDAwWiIvPjwvc3ZnPg==\" alt=\"\"\/><\/figure>\n<\/div>\n\n\n\n<div class=\"wp-block-column is-vertically-aligned-center is-layout-flow wp-container-core-column-is-layout-8a368f38 wp-block-column-is-layout-flow\">\n<p class=\"has-medium-font-size\" style=\"font-style:normal;font-weight:500\">info@primefootballmanagement.com<\/p>\n<\/div>\n<\/div>\n\n\n\n<p><\/p>\n<\/div>\n<\/div>\n<\/div>\n<\/div>","protected":false},"excerpt":{"rendered":"<p>\u0130LET\u0130\u015e\u0130M K\u0131z\u0131l\u0131rmak Mahallesi, Dumlup\u0131nar Bulvar\u0131, Next Level NO:3C1-160 \u00c7ankaya\/Ankara +90 312 427 27 33+90 532 440 55 24 info@primefootballmanagement.com<\/p>","protected":false},"author":1,"featured_media":0,"parent":0,"menu_order":0,"comment_status":"closed","ping_status":"closed","template":"page-with-title","meta":{"om_disable_all_campaigns":false,"_monsterinsights_skip_tracking":false,"_monsterinsights_sitenote_active":false,"_monsterinsights_sitenote_note":"","_monsterinsights_sitenote_category":0,"footnotes":""},"class_list":["post-49","page","type-page","status-publish","hentry"],"aioseo_notices":[],"_links":{"self":[{"href":"https:\/\/primefootballmanagement.com\/en\/wp-json\/wp\/v2\/pages\/49","targetHints":{"allow":["GET"]}}],"collection":[{"href":"https:\/\/primefootballmanagement.com\/en\/wp-json\/wp\/v2\/pages"}],"about":[{"href":"https:\/\/primefootballmanagement.com\/en\/wp-json\/wp\/v2\/types\/page"}],"author":[{"embeddable":true,"href":"https:\/\/primefootballmanagement.com\/en\/wp-json\/wp\/v2\/users\/1"}],"replies":[{"embeddable":true,"href":"https:\/\/primefootballmanagement.com\/en\/wp-json\/wp\/v2\/comments?post=49"}],"version-history":[{"count":4,"href":"https:\/\/primefootballmanagement.com\/en\/wp-json\/wp\/v2\/pages\/49\/revisions"}],"predecessor-version":[{"id":312,"href":"https:\/\/primefootballmanagement.com\/en\/wp-json\/wp\/v2\/pages\/49\/revisions\/312"}],"wp:attachment":[{"href":"https:\/\/primefootballmanagement.com\/en\/wp-json\/wp\/v2\/media?parent=49"}],"curies":[{"name":"wp","href":"https:\/\/api.w.org\/{rel}","templated":true}]}}